{"id":11,"date":"2024-05-05T22:03:09","date_gmt":"2024-05-05T22:03:09","guid":{"rendered":"https:\/\/recognition-ia.com\/?page_id=11"},"modified":"2024-11-04T13:02:05","modified_gmt":"2024-11-04T13:02:05","slug":"blog","status":"publish","type":"page","link":"https:\/\/recognition-ia.com\/en\/blog\/","title":{"rendered":"Blog"},"content":{"rendered":"<div data-elementor-type=\"wp-page\" data-elementor-id=\"11\" class=\"elementor elementor-11\">\n\t\t\t\t<div class=\"elementor-element elementor-element-2eea9c8 e-flex e-con-boxed e-con e-parent\" data-id=\"2eea9c8\" data-element_type=\"container\">\n\t\t\t\t\t<div class=\"e-con-inner\">\n\t\t\t\t<div class=\"elementor-element elementor-element-586cd20 elementor-widget elementor-widget-ucaddon_title_blue_and_subtitle\" data-id=\"586cd20\" data-element_type=\"widget\" data-widget_type=\"ucaddon_title_blue_and_subtitle.default\">\n\t\t\t\t<div class=\"elementor-widget-container\">\n\t\t\t\t\t\n<!-- start Title blue and subtitle Earq -->\n\n<section class=\"\" id=\"uc_title_blue_and_subtitle_elementor_586cd20\">\n   <div class=\"container\">\n     <div class=\"row justify-content-center\">\n                    <div class=\"col-lg-8\">\n                        <div class=\"text-center mb-5\">\n                            <h1 class=\"display-6 mb-3 ff-secondary fw-semibold lh-base\">Blog <span class=\"text-primary\">Recognition API<\/span><\/h1>\n                            <p class=\"text-muted mb-4\">Veja as \u00faltimas not\u00edcias do Recognition-ia, a plataforma de Intelligent Document Processing, IA para documentos e iOCR (optical character recognition online).<\/p>\n                        <\/div>\n                    <\/div>\n                <\/div>\n                <!-- end row -->\n     <\/div>\n   <\/section>\n<!-- end Title blue and subtitle Earq -->\t\t\t\t<\/div>\n\t\t\t\t<\/div>\n\t\t\t\t\t<\/div>\n\t\t\t\t<\/div>\n\t\t<div class=\"elementor-element elementor-element-b97c207 e-flex e-con-boxed e-con e-parent\" data-id=\"b97c207\" data-element_type=\"container\" data-settings=\"{&quot;shape_divider_top&quot;:&quot;tilt&quot;}\">\n\t\t\t\t\t<div class=\"e-con-inner\">\n\t\t\t\t<div class=\"elementor-shape elementor-shape-top\" aria-hidden=\"true\" data-negative=\"false\">\n\t\t\t<svg xmlns=\"http:\/\/www.w3.org\/2000\/svg\" viewbox=\"0 0 1000 100\" preserveaspectratio=\"none\">\n\t<path class=\"elementor-shape-fill\" d=\"M0,6V0h1000v100L0,6z\"\/>\n<\/svg>\t\t<\/div>\n\t\t\t\t<div class=\"elementor-element elementor-element-78343b1 elementor-widget elementor-widget-ucaddon_uc_card_post_carousel\" data-id=\"78343b1\" data-element_type=\"widget\" data-widget_type=\"ucaddon_uc_card_post_carousel.default\">\n\t\t\t\t<div class=\"elementor-widget-container\">\n\t\t\t\t\t\n<!-- start Post Carousel Lite -->\n\t\t<link id='font-awesome-css' href='https:\/\/recognition-ia.com\/wp-content\/plugins\/unlimited-elements-for-elementor\/assets_libraries\/font-awesome6\/fontawesome-all.min.css' type='text\/css' rel='stylesheet' >\n\t\t<link id='font-awesome-4-shim-css' href='https:\/\/recognition-ia.com\/wp-content\/plugins\/unlimited-elements-for-elementor\/assets_libraries\/font-awesome6\/fontawesome-v4-shims.min.css' type='text\/css' rel='stylesheet' >\n\t\t<link id='owl-carousel-css' href='https:\/\/recognition-ia.com\/wp-content\/plugins\/unlimited-elements-for-elementor\/assets_libraries\/owl-carousel-new\/assets\/owl.carousel.css' type='text\/css' rel='stylesheet' >\n\n<style>\/* widget: Post Carousel Lite *\/\n\n#uc_uc_card_post_carousel_elementor_78343b1 *{\n  box-sizing:border-box;\n}\n#uc_uc_card_post_carousel_elementor_78343b1{\n  position:relative;\n  min-height:1px;\n}\n#uc_uc_card_post_carousel_elementor_78343b1 .uc_image_carousel_content{\n\ttext-align:center;\n    display: flex;\n     flex-flow: column nowrap;\n}\n#uc_uc_card_post_carousel_elementor_78343b1 .ue_post_carousel_item\n{\n  overflow:hidden;\n  \n}\n#uc_uc_card_post_carousel_elementor_78343b1 .uc_image_carousel_bg {\n  background-repeat: no-repeat;\n}\n#uc_uc_card_post_carousel_elementor_78343b1 .uc_image_carousel_placeholder a{\n  width:100%;\n}\n#uc_uc_card_post_carousel_elementor_78343b1 .uc_image_carousel_bg{\n  width:100%;\n}\n#uc_uc_card_post_carousel_elementor_78343b1 .uc_image_carousel_placeholder{\n  overflow:hidden;\n}\n\n#uc_uc_card_post_carousel_elementor_78343b1 .ue_post_btn_holder\n{\n  margin-top:auto;\n}\n\n#uc_uc_card_post_carousel_elementor_78343b1 .uc_more_btn{\n\n  display:inline-block;\n  text-align:center;\n  text-decoration:none;\n} \n\n.uc_overlay_image_carousel .uc_more_btn{\n  text-decoration:none;\n  display:inline-block;\n}\n\n.uc_overlay_image_carousel .uc_post_title{\n  font-size:21px;\n  text-decoration:none;\n}\n\n#uc_uc_card_post_carousel_elementor_78343b1 .owl-nav .owl-prev{\n    position:absolute;\n    display:inline-block;\n    text-align:center;\n}\n#uc_uc_card_post_carousel_elementor_78343b1 .owl-nav .owl-next{\n  position:absolute;\n  display:inline-block;\n  text-align:center;\n}\n\n\n#uc_uc_card_post_carousel_elementor_78343b1 .owl-dots {\noverflow:hidden;\ndisplay:false !important;\ntext-align:center;\n}\n\n#uc_uc_card_post_carousel_elementor_78343b1 .owl-dot {\nborder-radius:50%;\ndisplay:inline-block;\n}\n\t#uc_uc_card_post_carousel_elementor_78343b1 .owl-stage\n        {\n            transition-timing-function: linear!important;\n        }\n\n\n\n<\/style>\n\n<div class=\"uc_overlay_image_carousel  uc-filterable-grid\" id=\"uc_uc_card_post_carousel_elementor_78343b1\" data-custom-sethtml=\"true\"  data-ajax='true'  data-filterbehave='ajax'  querydata='{&quot;count_posts&quot;:3,&quot;total_posts&quot;:7,&quot;page&quot;:1,&quot;num_pages&quot;:3,&quot;orderby&quot;:&quot;modified&quot;}'>\n   <div class=\"uc_carousel owl-carousel owl-theme uc-items-wrapper\">\n   \t\t<div id=\"uc_uc_card_post_carousel_elementor_78343b1_item1\" class=\"card ue-Solu\u00e7\u00e3o\">\n  <div class=\"uc_image_carousel_placeholder card-body\">\n    <a href=\"https:\/\/recognition-ia.com\/en\/hello-world\/\"><div class=\"img-fluid rounded uc_image_carousel_bg\" style=\"background-image:url(https:\/\/recognition-ia.com\/wp-content\/uploads\/2024\/05\/rh-750x318-1.png); background-position:center;\"><\/div><\/a>\n  <\/div>\n\n \t<div class=\"text_carousel_content card-body\">\n    \t<ul class=\"list-inline fs-14 text-muted\">\n     \t\t<li class=\"list-inline-item\"><i class=\"ri-calendar-line align-bottom me-1\"><\/i>05 May 2024<\/li>\t\n          \t<li class=\"list-inline-item\"><a href=\"https:\/\/recognition-ia.com\/en\/category\/solucao\/\"><i class=\"ri-collage-line align-bottom me-1\"><\/i>Solu\u00e7\u00e3o<\/a><\/li>\t\n    \t<\/ul>\n        <a href=\"https:\/\/recognition-ia.com\/en\/hello-world\/\" style=\"text-decoration:none;\"><h5 class=\"\" style=\"text-decoration:none;\">Tecnologias Inovadoras para Gest\u00e3o Eficiente de Documentos de RH: Redu\u00e7\u00e3o de Riscos e Custos Trabalhistas no Contexto Brasileiro<\/h5><\/a>    <p class=\"text-muted fs-14\">A\u00a0gest\u00e3o eficaz de documentos de Recursos Humanos (RH)\u00a0\u00e9 crucial para as empresas, especialmente no Brasil,...<\/p>    \n    <div class=\"ue_post_btn_holder mt-2\"><a class=\"link-success\" href='https:\/\/recognition-ia.com\/en\/hello-world\/' target=\"_self\">Leia mais<i class=\"ri-arrow-right-line align-bottom ms-1\"><\/i><\/a><\/div>    \n          \n  <\/div>\n  \n    \n<\/div>\n<div id=\"uc_uc_card_post_carousel_elementor_78343b1_item2\" class=\"card ue-Solu\u00e7\u00e3o\">\n  <div class=\"uc_image_carousel_placeholder card-body\">\n    <a href=\"https:\/\/recognition-ia.com\/en\/ressarcimento-do-icms-na-conta-de-luz-guia-pratico-para-identificar-calcular-e-recuperar-tusd-tust\/\"><div class=\"img-fluid rounded uc_image_carousel_bg\" style=\"background-image:url(https:\/\/recognition-ia.com\/wp-content\/uploads\/2024\/05\/earq-automacao-de-processos-1-768x576-1.png); background-position:center;\"><\/div><\/a>\n  <\/div>\n\n \t<div class=\"text_carousel_content card-body\">\n    \t<ul class=\"list-inline fs-14 text-muted\">\n     \t\t<li class=\"list-inline-item\"><i class=\"ri-calendar-line align-bottom me-1\"><\/i>08 May 2024<\/li>\t\n          \t<li class=\"list-inline-item\"><a href=\"https:\/\/recognition-ia.com\/en\/category\/solucao\/\"><i class=\"ri-collage-line align-bottom me-1\"><\/i>Solu\u00e7\u00e3o<\/a><\/li>\t\n    \t<\/ul>\n        <a href=\"https:\/\/recognition-ia.com\/en\/ressarcimento-do-icms-na-conta-de-luz-guia-pratico-para-identificar-calcular-e-recuperar-tusd-tust\/\" style=\"text-decoration:none;\"><h5 class=\"\" style=\"text-decoration:none;\">Ressarcimento do ICMS na Conta de Luz: Guia Pr\u00e1tico para Identificar, Calcular e Recuperar (TUSD\/TUST)<\/h5><\/a>    <p class=\"text-muted fs-14\">A quest\u00e3o do ressarcimento do ICMS na conta de energia \u00e9 uma preocupa\u00e7\u00e3o constante, pois \u00e9 um valor que...<\/p>    \n    <div class=\"ue_post_btn_holder mt-2\"><a class=\"link-success\" href='https:\/\/recognition-ia.com\/en\/ressarcimento-do-icms-na-conta-de-luz-guia-pratico-para-identificar-calcular-e-recuperar-tusd-tust\/' target=\"_self\">Leia mais<i class=\"ri-arrow-right-line align-bottom ms-1\"><\/i><\/a><\/div>    \n          \n  <\/div>\n  \n    \n<\/div>\n<div id=\"uc_uc_card_post_carousel_elementor_78343b1_item3\" class=\"card ue-Automa\u00e7\u00e3o\">\n  <div class=\"uc_image_carousel_placeholder card-body\">\n    <a href=\"https:\/\/recognition-ia.com\/en\/automatizacao-a-transformacao-que-toda-empresa-precisa\/\"><div class=\"img-fluid rounded uc_image_carousel_bg\" style=\"background-image:url(https:\/\/recognition-ia.com\/wp-content\/uploads\/2024\/05\/EARQ-artigo-site-Automatizacao-A-Transformacao-que-toda-empresa-precisa-768x401.png); background-position:center;\"><\/div><\/a>\n  <\/div>\n\n \t<div class=\"text_carousel_content card-body\">\n    \t<ul class=\"list-inline fs-14 text-muted\">\n     \t\t<li class=\"list-inline-item\"><i class=\"ri-calendar-line align-bottom me-1\"><\/i>08 May 2024<\/li>\t\n          \t<li class=\"list-inline-item\"><a href=\"https:\/\/recognition-ia.com\/en\/category\/automacao\/\"><i class=\"ri-collage-line align-bottom me-1\"><\/i>Automa\u00e7\u00e3o<\/a><\/li>\t\n    \t<\/ul>\n        <a href=\"https:\/\/recognition-ia.com\/en\/automatizacao-a-transformacao-que-toda-empresa-precisa\/\" style=\"text-decoration:none;\"><h5 class=\"\" style=\"text-decoration:none;\">Automatiza\u00e7\u00e3o: A Transforma\u00e7\u00e3o que toda empresa precisa<\/h5><\/a>    <p class=\"text-muted fs-14\">A automa\u00e7\u00e3o de processos\u00a0\u00e9 uma das pe\u00e7as chaves da grande transforma\u00e7\u00e3o digital que est\u00e1 revolucionando...<\/p>    \n    <div class=\"ue_post_btn_holder mt-2\"><a class=\"link-success\" href='https:\/\/recognition-ia.com\/en\/automatizacao-a-transformacao-que-toda-empresa-precisa\/' target=\"_self\">Leia mais<i class=\"ri-arrow-right-line align-bottom ms-1\"><\/i><\/a><\/div>    \n          \n  <\/div>\n  \n    \n<\/div>\n\n   <\/div>\t\n<\/div>\n\n<!-- end Post Carousel Lite -->\t\t\t\t<\/div>\n\t\t\t\t<\/div>\n\t\t\t\t<div class=\"elementor-element elementor-element-0380dfe elementor-widget elementor-widget-ucaddon_post_list\" data-id=\"0380dfe\" data-element_type=\"widget\" data-widget_type=\"ucaddon_post_list.default\">\n\t\t\t\t<div class=\"elementor-widget-container\">\n\t\t\t\t\t\n<!-- start Post List -->\n\n<style>\/* widget: Post List *\/\n\n\n\n#uc_post_list_elementor_0380dfe{\n  display:grid;\n}\n\n#uc_post_list_elementor_0380dfe .uc_post_list_image div{\n  background-size:cover;\n  background-position:center;\n}\n\n.uc_post_list .uc_post_list_box{\n\tposition: relative;\n\toverflow: hidden;\n\tdisplay: flex;\n}\n\n#uc_post_list_elementor_0380dfe .uc_post_list_image{\n  flex-grow:0;\n  flex-shrink:0;\n  overflow: hidden;\n}\n\n#uc_post_list_elementor_0380dfe .uc_post_list_image img{\n  width:100%;\n  height:100%;\n  display:block;\n  transition:0.3s;  \n}\n\n.uc_post_list_title a{\n\tcolor: #333333;\n    display: block;\n}\n\n.uc_post_list_date{\n\tfont-size: 12px;\n}\n\n#uc_post_list_elementor_0380dfe .uc_post_list_content{\n  display:flex;\n  flex-direction:column;\n  flex:1;\n}\n\n#uc_post_list_elementor_0380dfe .uc_more_btn{\n  text-align:center;\n  text-decoration:none;\n  transition:0.3s;\n  position: relative;\n  z-index: 1;\n}\n\n#uc_post_list_elementor_0380dfe .button-on-side{\n  display:flex;\n  align-items:center;\n}\n\n#uc_post_list_elementor_0380dfe .ue-grid-item-category{\n  display: flex;\n  align-items: center;\n}\n\n.ue-grid-item-category a{\n  display:inline-block;\n  font-size:10px;\n  text-transform:uppercase;\n  white-space: nowrap;\n}\n\n#uc_post_list_elementor_0380dfe .ue-meta-data{  \n  display:flex;\n  flex-wrap: wrap;\n  line-height:1em;\n}\n\n#uc_post_list_elementor_0380dfe .ue-grid-item-meta-data{\n      display:inline-flex;\n      align-items:center;\n}\n\n.ue-grid-item-meta-data{\n  font-size:12px;\n}\n\n#uc_post_list_elementor_0380dfe .ue-grid-item-meta-data-icon{\n  line-height:1em;\n}\n\n#uc_post_list_elementor_0380dfe .ue-grid-item-meta-data-icon svg{\n  width:1em;\n  height:1em;\n} \n\n#uc_post_list_elementor_0380dfe .ue-debug-meta{\n  padding:10px;\n  border:1px solid red;\n  position:relative;\n  line-height:1.5em;\n  font-size:11px;\n  width:100%;\n}\n\n.uc-remote-parent .uc_post_list_box{\n\tcursor:pointer;\n}\n\n#uc_post_list_elementor_0380dfe .ue-post-link-overlay{\n  display:block;\n  position:absolute;\n  top:0;\n  bottom:0;\n  right:0;\n  left:0;\n}\n\n\n\n\n<\/style>\n\n<div class=\"uc_post_list uc-items-wrapper uc-filterable-grid\" id=\"uc_post_list_elementor_0380dfe\"  data-ajax='true'  data-filterbehave='ajax'  querydata='{&quot;count_posts&quot;:4,&quot;total_posts&quot;:7,&quot;page&quot;:1,&quot;num_pages&quot;:1,&quot;orderby&quot;:&quot;modified&quot;}' >    \t\n  <div class=\"uc_post_list_box\" data-category=\"Automa\u00e7\u00e3o\">\n  \n  \t    <div class=\"uc_post_list_image\">\n      <a href=\"https:\/\/recognition-ia.com\/en\/automacao-para-contas-de-consumo\/\" target=\"_self\" title=\"Automa\u00e7\u00e3o para Contas de Consumo\">\n          \n            <img loading=\"lazy\" decoding=\"async\" src=\"https:\/\/recognition-ia.com\/wp-content\/uploads\/2024\/05\/EARQ-artigo-site-Automatizacao-A-Transformacao-que-toda-empresa-precisa-768x401.png\"  alt=\"A-Transformacao-que-toda-empresa-precisa\" width=\"768\" height=\"401\">\n        \t\n        \n      <\/a>\n    <\/div>\n  \t\t\n  \n    <div class=\"uc_post_list_content\">\n      <div class=\"uc_post_list_content_inside\">\n        \n                       \n        <div class=\"uc_post_list_title\"><a target=\"_self\" href=\"https:\/\/recognition-ia.com\/en\/automacao-para-contas-de-consumo\/\" title=\"Automa\u00e7\u00e3o para Contas de Consumo\">Automa\u00e7\u00e3o para Contas de Consumo<\/a><\/div>                 \n        <div class=\"ue-meta-data\">\n                                               \n                                    \n            \n                        \n                        \n            \n              \n          <\/div>         \n                \n         <div class=\"uc_post_content\">Automa\u00e7\u00e3o das rotinas de download, extra\u00e7\u00e3o de dados e lan\u00e7amento no ERP das contas de consumo como Energia...<\/div>           \n        \n                 \n      <\/div>\n    <\/div>\n     \n       \n  \n   <\/div>\n<div class=\"uc_post_list_box\" data-category=\"Solu\u00e7\u00e3o\">\n  \n  \t    <div class=\"uc_post_list_image\">\n      <a href=\"https:\/\/recognition-ia.com\/en\/inovacao-logistica-o-futuro-da-entrada-de-caminhoes-em-centros-de-distribuicao\/\" target=\"_self\" title=\"Inova\u00e7\u00e3o Log\u00edstica: O Futuro da Entrada de Caminh\u00f5es em Centros de Distribui\u00e7\u00e3o\">\n          \n            <img loading=\"lazy\" decoding=\"async\" src=\"https:\/\/recognition-ia.com\/wp-content\/uploads\/2024\/05\/EARQ-AUTOMACAO-Inovacao-Logistica-O-Futuro-da-Entrada-de-Caminhoes-em-Centros-de-Distribuicao-768x480.png\"  alt=\"Inovacao-Logistica-O-Futuro-da-Entrada-de-Caminhoes-em-Centros-de-Distribuicao\" width=\"768\" height=\"480\">\n        \t\n        \n      <\/a>\n    <\/div>\n  \t\t\n  \n    <div class=\"uc_post_list_content\">\n      <div class=\"uc_post_list_content_inside\">\n        \n                       \n        <div class=\"uc_post_list_title\"><a target=\"_self\" href=\"https:\/\/recognition-ia.com\/en\/inovacao-logistica-o-futuro-da-entrada-de-caminhoes-em-centros-de-distribuicao\/\" title=\"Inova\u00e7\u00e3o Log\u00edstica: O Futuro da Entrada de Caminh\u00f5es em Centros de Distribui\u00e7\u00e3o\">Inova\u00e7\u00e3o Log\u00edstica: O Futuro da Entrada de Caminh\u00f5es em Centros de Distribui\u00e7\u00e3o<\/a><\/div>                 \n        <div class=\"ue-meta-data\">\n                                               \n                                    \n            \n                        \n                        \n            \n              \n          <\/div>         \n                \n         <div class=\"uc_post_content\">Ter agilidade e manter o controle no processo de entrada e sa\u00edda de caminh\u00f5es em empresas e centros de...<\/div>           \n        \n                 \n      <\/div>\n    <\/div>\n     \n       \n  \n   <\/div>\n<div class=\"uc_post_list_box\" data-category=\"Automa\u00e7\u00e3o\">\n  \n  \t    <div class=\"uc_post_list_image\">\n      <a href=\"https:\/\/recognition-ia.com\/en\/automacao-rpa-e-trabalho-humano-uma-parceria-necessaria-para-o-sucesso\/\" target=\"_self\" title=\"Automa\u00e7\u00e3o RPA e Trabalho Humano: Uma Parceria Necess\u00e1ria para o Sucesso\">\n          \n            <img loading=\"lazy\" decoding=\"async\" src=\"https:\/\/recognition-ia.com\/wp-content\/uploads\/2024\/05\/automacao-rpa-para-empresas-1024x512-1-768x384.jpg\"  alt=\"automacao-rpa-para-empresas-1024x512\" width=\"768\" height=\"384\">\n        \t\n        \n      <\/a>\n    <\/div>\n  \t\t\n  \n    <div class=\"uc_post_list_content\">\n      <div class=\"uc_post_list_content_inside\">\n        \n                       \n        <div class=\"uc_post_list_title\"><a target=\"_self\" href=\"https:\/\/recognition-ia.com\/en\/automacao-rpa-e-trabalho-humano-uma-parceria-necessaria-para-o-sucesso\/\" title=\"Automa\u00e7\u00e3o RPA e Trabalho Humano: Uma Parceria Necess\u00e1ria para o Sucesso\">Automa\u00e7\u00e3o RPA e Trabalho Humano: Uma Parceria Necess\u00e1ria para o Sucesso<\/a><\/div>                 \n        <div class=\"ue-meta-data\">\n                                               \n                                    \n            \n                        \n                        \n            \n              \n          <\/div>         \n                \n         <div class=\"uc_post_content\">Neste artigo abordaremos os mitos relacionados \u00e0 Automa\u00e7\u00e3o de Processos Rob\u00f3ticos (RPA). No cen\u00e1rio corporativo...<\/div>           \n        \n                 \n      <\/div>\n    <\/div>\n     \n       \n  \n   <\/div>\n<div class=\"uc_post_list_box\" data-category=\"Solu\u00e7\u00e3o\">\n  \n  \t    <div class=\"uc_post_list_image\">\n      <a href=\"https:\/\/recognition-ia.com\/en\/por-que-sua-empresa-precisa-de-intelligent-document-processing\/\" target=\"_self\" title=\"Por que sua empresa precisa de Intelligent Document Processing?\">\n          \n            <img loading=\"lazy\" decoding=\"async\" src=\"https:\/\/recognition-ia.com\/wp-content\/uploads\/2024\/11\/o-que-e-intelligent-document-processing-1-768x335.png\"  alt=\"o-que-e-intelligent-document-processing\" width=\"768\" height=\"335\">\n        \t\n        \n      <\/a>\n    <\/div>\n  \t\t\n  \n    <div class=\"uc_post_list_content\">\n      <div class=\"uc_post_list_content_inside\">\n        \n                       \n        <div class=\"uc_post_list_title\"><a target=\"_self\" href=\"https:\/\/recognition-ia.com\/en\/por-que-sua-empresa-precisa-de-intelligent-document-processing\/\" title=\"Por que sua empresa precisa de Intelligent Document Processing?\">Por que sua empresa precisa de Intelligent Document Processing?<\/a><\/div>                 \n        <div class=\"ue-meta-data\">\n                                               \n                                    \n            \n                        \n                        \n            \n              \n          <\/div>         \n                \n         <div class=\"uc_post_content\">Neste artigo vou abordar sobre Intelligent Document Processing\u00a0de uma forma pr\u00e1tica e com exemplos. N\u00e3o...<\/div>           \n        \n                 \n      <\/div>\n    <\/div>\n     \n       \n  \n   <\/div>\n\n<\/div>\n\n\n  <div id=\"uc_post_list_elementor_0380dfe_empty_message\" class=\"ue-no-posts-found\"  style=\"display:none\" >No posts found<\/div>\n\n\n<!-- end Post List -->\t\t\t\t<\/div>\n\t\t\t\t<\/div>\n\t\t\t\t<div class=\"elementor-element elementor-element-adf8700 elementor-widget elementor-widget-ucaddon_archive_pagination\" data-id=\"adf8700\" data-element_type=\"widget\" data-widget_type=\"ucaddon_archive_pagination.default\">\n\t\t\t\t<div class=\"elementor-widget-container\">\n\t\t\t\t\t\n<!-- start Post Pagination -->\n\n<style>\/* widget: Post Pagination *\/\n\n#uc_archive_pagination_elementor_adf8700 nav\n{\n  padding:0px;\n  margin:0px;\n}\n\n#uc_archive_pagination_elementor_adf8700 \n{\n  display:flex;\n  flex-wrap: wrap;\n  justify-content:center;\n}\n\n#uc_archive_pagination_elementor_adf8700 .nav-links\n{\n  display:flex;\n  justify-content:center;\n}\n\n#uc_archive_pagination_elementor_adf8700 .nav-links > *\n{\n}\n\n#uc_archive_pagination_elementor_adf8700 .page-numbers\n{\n  display:flex;\n  \n  align-items:center;\n  justify-content:center;\n  transition:0.3s;\n  line-height:1em;\n}\n\n\n#uc_archive_pagination_elementor_adf8700 a.page-numbers, #uc_archive_pagination_elementor_adf8700 .dots\n{\n  color:#000000;\n  background-color:;\n}\n\n#uc_archive_pagination_elementor_adf8700 a.page-numbers:hover\n{\n  color:#6e6e6e;\n  background-color:#eeeeee;\n}\n\n#uc_archive_pagination_elementor_adf8700 .page-numbers.current,\n#uc_archive_pagination_elementor_adf8700 .page-numbers.current:hover\n{\n  background-color:#000000;\n  color:#ffffff;\n}\n\n\n#uc_archive_pagination_elementor_adf8700 .page-numbers.prev, #uc_archive_pagination_elementor_adf8700 .page-numbers.next\n{\n  padding-left:15px;\n  padding-right:15px;\n}\n\n\n\n#uc_archive_pagination_elementor_adf8700 .prev:before {\n   font-family: \"Font Awesome 5 Free\";\n   content: \"\\f053\";\n   display: inline-block;\n   vertical-align: middle;\n   font-weight: 900;\n   padding-right:10px;}\n\n#uc_archive_pagination_elementor_adf8700 .next:after {\n   font-family: \"Font Awesome 5 Free\";\n   content: \"\\f054\";\n   display: inline-block;\n   vertical-align: middle;\n   font-weight: 900;\n   padding-left:10px;}\n\n#uc_archive_pagination_elementor_adf8700.uc-ajax-loading{\n\topacity:1 !important;\n}\n\n#uc_archive_pagination_elementor_adf8700.uc-ajax-loading .current{\n\tposition:relative;\n    overflow:hidden;\n}\n\n\n#uc_archive_pagination_elementor_adf8700.uc-ajax-loading .current:before{\n  content: \"\";\n  display:block;\n  width:100%;\n  height:100%;\n  box-sizing:border-box;\n  position:absolute;\n  top:0px;\n  left:0px;\n  background-color: #c2c2c2;\n  animation: uc-spinning-border 0.5s linear infinite;\n  opacity:50%;\n  border-radius:inherit;\n}\n\n@keyframes uc-spinning-border {\n\t0%{transform: scale(0);}\n\t100%{transform: scale(1); }\t\n}\n\n\n\n<\/style>\n\n<div id=\"uc_archive_pagination_elementor_adf8700\" class=\"archive_pagination uc-filter-pagination\">\n\n<\/div>\n<!-- end Post Pagination -->\t\t\t\t<\/div>\n\t\t\t\t<\/div>\n\t\t\t\t\t<\/div>\n\t\t\t\t<\/div>\n\t\t\t\t<\/div>","protected":false},"excerpt":{"rendered":"<p>Blog Recognition Veja as \u00faltimas not\u00edcias do Recognition-ia, a plataforma de Intelligent Document Processing, IA para documentos e iOCR (optical character recognition online). 08 maio 2024 Automa\u00e7\u00e3o Automa\u00e7\u00e3o RPA e Trabalho Humano: Uma Parceria Necess\u00e1ria para o Sucesso Neste artigo abordaremos os mitos relacionados \u00e0 Automa\u00e7\u00e3o de Processos Rob\u00f3ticos (RPA). No cen\u00e1rio corporativo&#8230; Leia mais [&hellip;]<\/p>","protected":false},"author":2,"featured_media":0,"parent":0,"menu_order":0,"comment_status":"closed","ping_status":"closed","template":"elementor_theme","meta":{"footnotes":""},"class_list":["post-11","page","type-page","status-publish","hentry"],"aioseo_notices":[],"_links":{"self":[{"href":"https:\/\/recognition-ia.com\/en\/wp-json\/wp\/v2\/pages\/11","targetHints":{"allow":["GET"]}}],"collection":[{"href":"https:\/\/recognition-ia.com\/en\/wp-json\/wp\/v2\/pages"}],"about":[{"href":"https:\/\/recognition-ia.com\/en\/wp-json\/wp\/v2\/types\/page"}],"author":[{"embeddable":true,"href":"https:\/\/recognition-ia.com\/en\/wp-json\/wp\/v2\/users\/2"}],"replies":[{"embeddable":true,"href":"https:\/\/recognition-ia.com\/en\/wp-json\/wp\/v2\/comments?post=11"}],"version-history":[{"count":123,"href":"https:\/\/recognition-ia.com\/en\/wp-json\/wp\/v2\/pages\/11\/revisions"}],"predecessor-version":[{"id":1793,"href":"https:\/\/recognition-ia.com\/en\/wp-json\/wp\/v2\/pages\/11\/revisions\/1793"}],"wp:attachment":[{"href":"https:\/\/recognition-ia.com\/en\/wp-json\/wp\/v2\/media?parent=11"}],"curies":[{"name":"wp","href":"https:\/\/api.w.org\/{rel}","templated":true}]}}